{"id":2,"date":"2022-09-01T11:55:00","date_gmt":"2022-09-01T14:55:00","guid":{"rendered":"https:\/\/www.mundogrua.com.ar\/site\/?page_id=2"},"modified":"2022-09-01T15:39:34","modified_gmt":"2022-09-01T18:39:34","slug":"pagina-ejemplo","status":"publish","type":"page","link":"https:\/\/www.mundogrua.com.ar\/site\/pagina-ejemplo\/","title":{"rendered":"Pol\u00edticas del SGI"},"content":{"rendered":"<div class=\"wpb-content-wrapper\">[vc_row][vc_column width=\u00bb2\/3&#8243;][vc_empty_space][vc_column_text]\n<h2>POL\u00cdTICA INTEGRADA DE CALIDAD, MEDIOAMBIENTE, SEGURIDAD Y SALUD OCUPACIONAL<\/h2>\n<p>Mundo Gr\u00faa S.A. consciente de sus responsabilidades frente a los clientes, el medio ambiente donde desarrolla sus actividades y la seguridad y la salud de quienes la integran, establece esta pol\u00edtica para que sea implementada, comunicada y mantenida por todos sus integrantes y partes interesadas, con el objeto de obtener un alto nivel competitivo, como compromiso para la mejora continua de todos sus procesos.<br \/>\nEn concordancia con esta pol\u00edtica se han fijado los siguientes principios:<\/p>\n<ul>\n<li>Brindar Servicios de Izaje en la industria en general, con el grado de excelencia y confiabilidad cumpliendo con los requisitos.<\/li>\n<li>Buscar la mejora continua y la eficacia de nuestro Sistema de Gesti\u00f3n Integrado mediante:\n<ul>\n<li>\u00a0La medici\u00f3n y actualizaci\u00f3n de las metas y los objetivos fijados.<\/li>\n<li>La comunicaci\u00f3n interna y externa del desempe\u00f1o de nuestro sistema, a todos los niveles de la compa\u00f1\u00eda.<\/li>\n<li>La actualizaci\u00f3n tecnol\u00f3gica en equipos de Izaje.<\/li>\n<\/ul>\n<\/li>\n<li>Proteger el medio ambiente, incluida la prevenci\u00f3n de la contaminaci\u00f3n ambiental.<\/li>\n<li>Considerar que la prevenci\u00f3n de riesgos para las personas es un compromiso de todos los integrantes de la Organizaci\u00f3n y de quienes colaboren con ella, sean eventuales o temporarios, constituy\u00e9ndose en una condici\u00f3n indispensable de empleo y contrataci\u00f3n.<\/li>\n<li>Cumplir con las normativas y la legislaci\u00f3n vigente sea propia o del Cliente, prestando especial atenci\u00f3n a la protecci\u00f3n de los trabajadores, del entorno local y de la comunidad en general.<\/li>\n<li>Proveer las herramientas y los recursos adecuados para el cumplimiento de los requisitos de nuestros clientes y sistema de gesti\u00f3n, mediante la b\u00fasqueda de la optimizaci\u00f3n de los recursos humanos y tecnol\u00f3gicos.<\/li>\n<li>Desarrollar y mantener una fuerza de trabajo entrenada y comprometida con sus tareas mediante el cumplimiento de programas de entrenamiento, capacitaci\u00f3n y toma de conciencia sistem\u00e1tica.<\/li>\n<li>Manipular de forma responsable los residuos generados por nuestras actividades, previendo que las emisiones de agua, aire y suelo est\u00e9n en los niveles permitidos.<\/li>\n<li>Queda prohibida la discriminaci\u00f3n y el trabajo forzoso de todo el personal.<\/li>\n<li>Considerar el Form.082 para transmitirle al empleador cualquier reclamo, consulta o sugerencia.<\/li>\n<li>Promover entre los proveedores y contratistas el cumplimiento de estos principios.<\/li>\n<\/ul>\n<p>El fiel cumplimiento de esta pol\u00edtica ser\u00e1 una obligaci\u00f3n de todos los niveles de la empresa, cualquiera sea su funci\u00f3n o cargo, teniendo como misi\u00f3n fundamental alcanzar el bienestar individual y grupal de quienes la integran.<br \/>\nCoherente con esta pol\u00edtica MUNDO GRUA adopta como premisa: Pol\u00edtica de la Calidad, Medioambiente y Seguridad y Salud Ocupacional como Pol\u00edtica del SGI.[\/vc_column_text][\/vc_column][vc_column width=\u00bb1\/3&#8243;][vc_empty_space][vc_single_image image=\u00bb2195&#8243; img_size=\u00bbfull\u00bb alignment=\u00bbright\u00bb][\/vc_column][\/vc_row]\n<\/div>","protected":false},"excerpt":{"rendered":"<p>[vc_row][vc_column width=\u00bb2\/3&#8243;][vc_empty_space][vc_column_text] POL\u00cdTICA INTEGRADA DE CALIDAD, MEDIOAMBIENTE, SEGURIDAD Y SALUD OCUPACIONAL Mundo Gr\u00faa S.A. consciente de sus responsabilidades frente a los clientes, el medio ambiente donde desarrolla sus actividades y la seguridad y la salud de quienes la integran, establece esta pol\u00edtica para que sea implementada, comunicada y mantenida por todos sus integrantes y partes [&hellip;]<\/p>\n","protected":false},"author":2,"featured_media":0,"parent":0,"menu_order":0,"comment_status":"open","ping_status":"open","template":"page-templates\/template-fullwidth.php","meta":{"_joinchat":[],"footnotes":""},"class_list":["post-2","page","type-page","status-publish","hentry"],"_links":{"self":[{"href":"https:\/\/www.mundogrua.com.ar\/site\/wp-json\/wp\/v2\/pages\/2"}],"collection":[{"href":"https:\/\/www.mundogrua.com.ar\/site\/wp-json\/wp\/v2\/pages"}],"about":[{"href":"https:\/\/www.mundogrua.com.ar\/site\/wp-json\/wp\/v2\/types\/page"}],"author":[{"embeddable":true,"href":"https:\/\/www.mundogrua.com.ar\/site\/wp-json\/wp\/v2\/users\/2"}],"replies":[{"embeddable":true,"href":"https:\/\/www.mundogrua.com.ar\/site\/wp-json\/wp\/v2\/comments?post=2"}],"version-history":[{"count":5,"href":"https:\/\/www.mundogrua.com.ar\/site\/wp-json\/wp\/v2\/pages\/2\/revisions"}],"predecessor-version":[{"id":2490,"href":"https:\/\/www.mundogrua.com.ar\/site\/wp-json\/wp\/v2\/pages\/2\/revisions\/2490"}],"wp:attachment":[{"href":"https:\/\/www.mundogrua.com.ar\/site\/wp-json\/wp\/v2\/media?parent=2"}],"curies":[{"name":"wp","href":"https:\/\/api.w.org\/{rel}","templated":true}]}}