{"id":229,"date":"2015-07-27T03:29:01","date_gmt":"2015-07-27T03:29:01","guid":{"rendered":"http:\/\/demo.oceanthemes.net\/archi\/?page_id=229"},"modified":"2025-10-22T16:06:58","modified_gmt":"2025-10-22T19:06:58","slug":"about","status":"publish","type":"page","link":"https:\/\/www.mundogrua.com.ar\/site\/about\/","title":{"rendered":"La Empresa"},"content":{"rendered":"<div class=\"wpb-content-wrapper\">[vc_row fullwidth=\u00bbyes\u00bb css=\u00bb.vc_custom_1474447060420{background-position: 0 0 !important;background-repeat: no-repeat !important;}\u00bb el_class=\u00bbside-bg no-padding\u00bb][vc_column]\t<!-- Element: OT Quick Office -->\r\n\t<div class=\"side-bg\">\r\n\r\n\t\t<div class=\"image-container hidden-xs pull-left col-md-5\" style=\"background-image:url(https:\/\/www.mundogrua.com.ar\/site\/wp-content\/uploads\/2020\/10\/mundoGrua.jpg); ?>\" data-delay=\"0\"><\/div>\r\n\r\n\t\t<!-- Added this code in 26\/03\/2019 -->\r\n\t\t<img decoding=\"async\" class=\"visible-xs img-responsive\" src=\"https:\/\/www.mundogrua.com.ar\/site\/wp-content\/uploads\/2020\/10\/mundoGrua.jpg\" \/>\r\n\r\n        <div class=\"container\">\r\n            <div class=\"row\">\r\n                <div class=\"inner-padding\">\r\n                    <div class=\"col-md-6 col-md-offset-6 wow fadeInRight\" data-wow-delay=\".2s\">\r\n                        <h2>Expertos en Movimientos e Izajes Pesados<\/h2><br\/>\r\n                        <strong>Somos una de las Empresas m\u00e1s importantes en el rubro, dedicados, desde 1990, al movimiento, montaje, desmontaje y transporte de cargas, bultos y equipos de grandes dimensiones y pesos y tecnol\u00f3gicamente sofisticados.<\/strong><\/p>\n<p>MUNDO GRUA S.A. esta formada por Capitales 100% argentinos y compuesta por personal de gran experiencia, tanto en el aspecto operativo como en asesoramiento t\u00e9cnico para este tipo de obras.<\/p>\n<blockquote><p><cite title=\"Source Title\">Directorio Mundo Gr\u00faa S.A.<\/cite><\/p><\/blockquote>\n                    <\/div>\r\n                    <div class=\"clearfix\"><\/div>\r\n                <\/div>\r\n            <\/div>\r\n        <\/div>\r\n\t<\/div>\r\n\r\n[\/vc_column][\/vc_row][vc_row css=\u00bb.vc_custom_1495706002495{padding-top: 90px !important;padding-bottom: 90px !important;background-image: url(https:\/\/www.mundogrua.com.ar\/site\/wp-content\/uploads\/2015\/07\/bg-3.jpg?id=185) !important;background-position: center !important;background-repeat: no-repeat !important;background-size: cover !important;}\u00bb el_class=\u00bbbg-fixed\u00bb][vc_column animate=\u00bbfadeinup\u00bb]\r\n\t<!-- Element: OT Heading --> \t \r\n\t<h1 class=\"ot_custom_heading  \" style=\"text-align: center;color: #ffffff;\" >Nuestros Principios<\/h1>\t\r\n\t<!-- Element: OT Line solid --> \t \r\n\t<div class=\" separator \"><span><i class=\"fa fa-circle\"><\/i><\/span><\/div>\r\n\t<div class=\"spacer-single\"><\/div>\t      \r\n[\/vc_column][vc_column]\t<!-- Element: OT Testimonial Silder -->\t\r\n\t<div class=\"testimonial__carousel de_carousel wow fadeInUp\" data-wow-delay=\".3s\" data-visible=\"2\" data-autoplay=\"false\" data-autoheight=\"false\" data-speed=\"200\" data-navspeed=\"800\" data-rewinspeed=\"1000\">\r\n\t        <div class=\"col-md-12 item\">\r\n            <div class=\"de_testi\">\r\n                <blockquote>\r\n                    <p>Tenemos lo que Ud. necesita. Equipos y t\u00e9cnicos profesionales de primer nivel para tareas que requieran asesoramiento, personal experimentado tanto en el campo operativo como en el t\u00e9cnico. Desarrollamos obras de ingenier\u00eda de transporte y montaje en forma integral, con equipos calificados de ultima generaci\u00f3n y tecnolog\u00eda adecuados para satisfacer los servicios ofrecidos de primer nivel.<cite title=\"Source Title\"><\/cite><\/p>\n                    <div class=\"de_testi_by no-margin\">\r\n\r\n                    \t\r\n\t\t\t\t\t\t<div >\r\n                        \tDto. Atenci\u00f3n al Cliente, Customer                        <\/div>\r\n\r\n                    <\/div>\r\n                <\/blockquote>\r\n            <\/div>\r\n        <\/div>\r\n                <div class=\"col-md-12 item\">\r\n            <div class=\"de_testi\">\r\n                <blockquote>\r\n                    <blockquote><p>\u00ab&#8230; Ofrecemos un servicio de alta calidad y eficiencia respaldado por nuestra trayectoria y un departamento de ingenier\u00eda que cumple con las exigencias del mercado actual &#8230;\u00bb<\/p><\/blockquote>\n                    <div class=\"de_testi_by no-margin\">\r\n\r\n                    \t\r\n\t\t\t\t\t\t<div >\r\n                        \tDirectorio Mundo Gr\u00faa S.A., Customer                        <\/div>\r\n\r\n                    <\/div>\r\n                <\/blockquote>\r\n            <\/div>\r\n        <\/div>\r\n                <div class=\"col-md-12 item\">\r\n            <div class=\"de_testi\">\r\n                <blockquote>\r\n                    <p><strong>La decisi\u00f3n de la empresa de invertir en la tecnolog\u00eda mas avanzada, es solo uno de los varios principios que constituyen la filosofia basica de Mundo Gr\u00faa S.A. <\/strong><\/p>\n<p>Otro Principio importante es atender las necesidades de nuestros clientes en forma correcta, responsable y con seriedad.<\/p>\n                    <div class=\"de_testi_by no-margin\">\r\n\r\n                    \t\r\n\t\t\t\t\t\t<div >\r\n                        \tNuestros principios, Customer                        <\/div>\r\n\r\n                    <\/div>\r\n                <\/blockquote>\r\n            <\/div>\r\n        <\/div>\r\n                <div class=\"col-md-12 item\">\r\n            <div class=\"de_testi\">\r\n                <blockquote>\r\n                    <p>En nuestro programa de gesti\u00f3n en Seguridad e Higiene y Calidad, se tiene en cuenta la disposici\u00f3n final de residuos contaminantes y la conservaci\u00f3n del medio ambiente, cumpliendo con todos los requis\u00edtos ecol\u00f3gicos en la materia.<\/p>\n                    <div class=\"de_testi_by no-margin\">\r\n\r\n                    \t\r\n\t\t\t\t\t\t<div >\r\n                        \tSeguridad e Higiene, Customer                        <\/div>\r\n\r\n                    <\/div>\r\n                <\/blockquote>\r\n            <\/div>\r\n        <\/div>\r\n            <\/div>\r\n\r\n[\/vc_column][\/vc_row][vc_row fullwidth=\u00bbyes\u00bb css=\u00bb.vc_custom_1442204650520{padding-top: 60px !important;padding-bottom: 60px !important;}\u00bb el_class=\u00bbcall-to-action bg-color text-center\u00bb][vc_column]\t\t\t\r\n\t<!-- Element: OT Button --> \r\n\t\t\t<a href=\"https:\/\/www.mundogrua.com.ar\/site\/realizaciones\/\" target=\"_self\" class=\"btn btn-line-black btn-big  \">Ver nuestras Obras Destacadas<\/a>\r\n\t    \r\n[\/vc_column][\/vc_row]\n<\/div>","protected":false},"excerpt":{"rendered":"<p>[vc_row fullwidth=\u00bbyes\u00bb css=\u00bb.vc_custom_1474447060420{background-position: 0 0 !important;background-repeat: no-repeat !important;}\u00bb el_class=\u00bbside-bg no-padding\u00bb][vc_column][\/vc_column][\/vc_row][vc_row css=\u00bb.vc_custom_1495706002495{padding-top: 90px !important;padding-bottom: 90px !important;background-image: url(https:\/\/www.mundogrua.com.ar\/site\/wp-content\/uploads\/2015\/07\/bg-3.jpg?id=185) !important;background-position: center !important;background-repeat: no-repeat !important;background-size: cover !important;}\u00bb el_class=\u00bbbg-fixed\u00bb][vc_column animate=\u00bbfadeinup\u00bb][\/vc_column][vc_column][\/vc_column][\/vc_row][vc_row fullwidth=\u00bbyes\u00bb css=\u00bb.vc_custom_1442204650520{padding-top: 60px !important;padding-bottom: 60px !important;}\u00bb el_class=\u00bbcall-to-action bg-color text-center\u00bb][vc_column][\/vc_column][\/vc_row]<\/p>\n","protected":false},"author":2,"featured_media":0,"parent":0,"menu_order":0,"comment_status":"closed","ping_status":"closed","template":"page-templates\/template-fullwidth.php","meta":{"_joinchat":[],"footnotes":""},"class_list":["post-229","page","type-page","status-publish","hentry"],"_links":{"self":[{"href":"https:\/\/www.mundogrua.com.ar\/site\/wp-json\/wp\/v2\/pages\/229"}],"collection":[{"href":"https:\/\/www.mundogrua.com.ar\/site\/wp-json\/wp\/v2\/pages"}],"about":[{"href":"https:\/\/www.mundogrua.com.ar\/site\/wp-json\/wp\/v2\/types\/page"}],"author":[{"embeddable":true,"href":"https:\/\/www.mundogrua.com.ar\/site\/wp-json\/wp\/v2\/users\/2"}],"replies":[{"embeddable":true,"href":"https:\/\/www.mundogrua.com.ar\/site\/wp-json\/wp\/v2\/comments?post=229"}],"version-history":[{"count":8,"href":"https:\/\/www.mundogrua.com.ar\/site\/wp-json\/wp\/v2\/pages\/229\/revisions"}],"predecessor-version":[{"id":2186,"href":"https:\/\/www.mundogrua.com.ar\/site\/wp-json\/wp\/v2\/pages\/229\/revisions\/2186"}],"wp:attachment":[{"href":"https:\/\/www.mundogrua.com.ar\/site\/wp-json\/wp\/v2\/media?parent=229"}],"curies":[{"name":"wp","href":"https:\/\/api.w.org\/{rel}","templated":true}]}}