{"id":256,"date":"2015-07-27T04:50:39","date_gmt":"2015-07-27T04:50:39","guid":{"rendered":"http:\/\/demo.oceanthemes.net\/archi\/?page_id=256"},"modified":"2022-09-29T16:54:49","modified_gmt":"2022-09-29T19:54:49","slug":"rrhh","status":"publish","type":"page","link":"https:\/\/www.mundogrua.com.ar\/site\/rrhh\/","title":{"rendered":"rrhh"},"content":{"rendered":"<div class=\"wpb-content-wrapper\">[vc_row css=\u00bb.vc_custom_1438577300524{padding-bottom: 90px !important;}\u00bb][vc_column width=\u00bb2\/3&#8243; wap_class=\u00bbwow fadeInUp\u00bb][vc_empty_space]\r\n\t<!-- Element: OT Heading --> \t \r\n\t<h3 class=\"ot_custom_heading  \" style=\"\" >Envianos tu Curriculum<\/h3>\t\r\n[vc_empty_space height=\u00bb10px\u00bb]\n<div class=\"wpcf7 no-js\" id=\"wpcf7-f838-o1\" lang=\"en-US\" dir=\"ltr\" data-wpcf7-id=\"838\">\n<div class=\"screen-reader-response\"><p role=\"status\" aria-live=\"polite\" aria-atomic=\"true\"><\/p> <ul><\/ul><\/div>\n<form action=\"\/site\/wp-json\/wp\/v2\/pages\/256#wpcf7-f838-o1\" method=\"post\" class=\"wpcf7-form init\" aria-label=\"Contact form\" novalidate=\"novalidate\" data-status=\"init\">\n<div style=\"display: none;\">\n<input type=\"hidden\" name=\"_wpcf7\" value=\"838\" \/>\n<input type=\"hidden\" name=\"_wpcf7_version\" value=\"6.0\" \/>\n<input type=\"hidden\" name=\"_wpcf7_locale\" value=\"en_US\" \/>\n<input type=\"hidden\" name=\"_wpcf7_unit_tag\" value=\"wpcf7-f838-o1\" \/>\n<input type=\"hidden\" name=\"_wpcf7_container_post\" value=\"0\" \/>\n<input type=\"hidden\" name=\"_wpcf7_posted_data_hash\" value=\"\" \/>\n<input type=\"hidden\" name=\"_wpcf7_recaptcha_response\" value=\"\" \/>\n<\/div>\n<p>Tipos de archivo permitidos: PDF, DOC, DOCX, ODT\n<\/p>\n<p>Tama\u00f1o m\u00e1ximo de archivo: 2MB\n<\/p>\n<div class=\"row\">\n\t<p><span class=\"wpcf7-form-control-wrap\" data-name=\"Perfil\"><select class=\"wpcf7-form-control wpcf7-select wpcf7-validates-as-required\" aria-required=\"true\" aria-invalid=\"false\" multiple=\"multiple\" name=\"Perfil[]\"><option value=\"Ingeniero\">Ingeniero<\/option><option value=\"Operador\">Operador<\/option><option value=\"T\u00e9cnico\">T\u00e9cnico<\/option><option value=\"Mec\u00e1nico\">Mec\u00e1nico<\/option><option value=\"Chofer\">Chofer<\/option><option value=\"Otros\">Otros<\/option><\/select><\/span>\n\t<\/p>\n\t<div class=\"col-md-4\">\n\t\t<div>\n\t\t\t<p><span class=\"wpcf7-form-control-wrap\" data-name=\"your-name\"><input size=\"40\" maxlength=\"400\" class=\"wpcf7-form-control wpcf7-text wpcf7-validates-as-required\" aria-required=\"true\" aria-invalid=\"false\" placeholder=\"Nombre\" value=\"\" type=\"text\" name=\"your-name\" \/><\/span>\n\t\t\t<\/p>\n\t\t<\/div>\n\t\t<div>\n\t\t\t<p><span class=\"wpcf7-form-control-wrap\" data-name=\"your-email\"><input size=\"40\" maxlength=\"400\" class=\"wpcf7-form-control wpcf7-email wpcf7-validates-as-required wpcf7-text wpcf7-validates-as-email\" aria-required=\"true\" aria-invalid=\"false\" placeholder=\"Email\" value=\"\" type=\"email\" name=\"your-email\" \/><\/span>\n\t\t\t<\/p>\n\t\t<\/div>\n\t\t<div>\n\t\t\t<p><span class=\"wpcf7-form-control-wrap\" data-name=\"your-tel\"><input size=\"40\" maxlength=\"400\" class=\"wpcf7-form-control wpcf7-tel wpcf7-validates-as-required wpcf7-text wpcf7-validates-as-tel\" aria-required=\"true\" aria-invalid=\"false\" placeholder=\"Tel\u00e9fono\" value=\"\" type=\"tel\" name=\"your-tel\" \/><\/span>\n\t\t\t<\/p>\n\t\t<\/div>\n\t\t<div>\n\t\t\t<p><span class=\"wpcf7-form-control-wrap\" data-name=\"curriculum2\"><input size=\"40\" class=\"wpcf7-form-control wpcf7-drag-n-drop-file d-none\" aria-invalid=\"false\" type=\"file\" multiple=\"multiple\" data-name=\"curriculum2\" data-type=\"pdf|doc|docx|jpg|jpeg|odt\" data-limit=\"5242880\" data-min=\"1\" data-max=\"3\" data-id=\"838\" data-version=\"free version 1.3.8.3\" accept=\".pdf, .doc, .docx, .jpg, .jpeg, .odt\" \/><\/span>\n\t\t\t<\/p>\n\t\t<\/div>\n\t<\/div>\n\t<div class=\"col-md-8\">\n\t\t<div>\n\t\t\t<p><span class=\"wpcf7-form-control-wrap\" data-name=\"your-message\"><textarea cols=\"40\" rows=\"10\" maxlength=\"2000\" class=\"wpcf7-form-control wpcf7-textarea wpcf7-validates-as-required\" aria-required=\"true\" aria-invalid=\"false\" placeholder=\"Comentarios\" name=\"your-message\"><\/textarea><\/span>\n\t\t\t<\/p>\n\t\t<\/div>\n\t<\/div>\n\t<div class=\"col-md-12 text-center\">\n\t\t<p id=\"submit\"><input class=\"wpcf7-form-control wpcf7-submit has-spinner btn btn-line\" type=\"submit\" value=\"Enviar\" \/>\n\t\t<\/p>\n\t<\/div>\n<\/div><div class=\"wpcf7-response-output\" aria-hidden=\"true\"><\/div>\n<\/form>\n<\/div>\n[\/vc_column][vc_column width=\u00bb1\/3&#8243; wap_class=\u00bbwow fadeInUp\u00bb][vc_empty_space]\r\n\t<!-- Element: OT Heading --> \t \r\n\t<h3 class=\"ot_custom_heading  \" style=\"\" >Departamento de Recursos Humanos<\/h3>\t\r\n[vc_column_text]<strong>Nuestro capital m\u00e1s importante !<\/strong><br \/>\n\u00ab&#8230; Mano de obra capacitada tecnol\u00f3gicamente y con experiencia, por esta raz\u00f3n nos calificamos como especialistas, porque contamos con personal altamente profesional en cada \u00e1rea de la Empresa&#8230;\u00bb<\/p>\n<p><cite title=\"Source Title\">Complete el formulario y adjunte su curriculum.<\/cite>[\/vc_column_text][\/vc_column][\/vc_row]\n<\/div>","protected":false},"excerpt":{"rendered":"<p>[vc_row css=\u00bb.vc_custom_1438577300524{padding-bottom: 90px !important;}\u00bb][vc_column width=\u00bb2\/3&#8243; wap_class=\u00bbwow fadeInUp\u00bb][vc_empty_space][vc_empty_space height=\u00bb10px\u00bb][\/vc_column][vc_column width=\u00bb1\/3&#8243; wap_class=\u00bbwow fadeInUp\u00bb][vc_empty_space][vc_column_text]Nuestro capital m\u00e1s importante ! \u00ab&#8230; Mano de obra capacitada tecnol\u00f3gicamente y con experiencia, por esta raz\u00f3n nos calificamos como especialistas, porque contamos con personal altamente profesional en cada \u00e1rea de la Empresa&#8230;\u00bb Complete el formulario y adjunte su curriculum.[\/vc_column_text][\/vc_column][\/vc_row]<\/p>\n","protected":false},"author":2,"featured_media":0,"parent":0,"menu_order":0,"comment_status":"open","ping_status":"open","template":"page-templates\/template-fullwidth.php","meta":{"_joinchat":[],"footnotes":""},"class_list":["post-256","page","type-page","status-publish","hentry"],"_links":{"self":[{"href":"https:\/\/www.mundogrua.com.ar\/site\/wp-json\/wp\/v2\/pages\/256"}],"collection":[{"href":"https:\/\/www.mundogrua.com.ar\/site\/wp-json\/wp\/v2\/pages"}],"about":[{"href":"https:\/\/www.mundogrua.com.ar\/site\/wp-json\/wp\/v2\/types\/page"}],"author":[{"embeddable":true,"href":"https:\/\/www.mundogrua.com.ar\/site\/wp-json\/wp\/v2\/users\/2"}],"replies":[{"embeddable":true,"href":"https:\/\/www.mundogrua.com.ar\/site\/wp-json\/wp\/v2\/comments?post=256"}],"version-history":[{"count":6,"href":"https:\/\/www.mundogrua.com.ar\/site\/wp-json\/wp\/v2\/pages\/256\/revisions"}],"predecessor-version":[{"id":2493,"href":"https:\/\/www.mundogrua.com.ar\/site\/wp-json\/wp\/v2\/pages\/256\/revisions\/2493"}],"wp:attachment":[{"href":"https:\/\/www.mundogrua.com.ar\/site\/wp-json\/wp\/v2\/media?parent=256"}],"curies":[{"name":"wp","href":"https:\/\/api.w.org\/{rel}","templated":true}]}}