{"id":915,"date":"2016-01-28T09:47:30","date_gmt":"2016-01-28T09:47:30","guid":{"rendered":"http:\/\/demo.oceanthemes.net\/archi\/?page_id=915"},"modified":"2023-09-12T22:29:13","modified_gmt":"2023-09-13T01:29:13","slug":"realizaciones-3","status":"publish","type":"page","link":"https:\/\/www.mundogrua.com.ar\/site\/realizaciones-3\/","title":{"rendered":"Realizaciones"},"content":{"rendered":"<div class=\"wpb-content-wrapper\">[vc_row equal_height=\u00bbyes\u00bb css=\u00bb.vc_custom_1606865224662{padding-top: 90px !important;padding-bottom: 30px !important;}\u00bb][vc_column width=\u00bb1\/4&#8243;]\t<!-- Element: OT Home Landing Page HTML5 Video -->\r\n\t<div class=\"full-height no-padding text-light\" data-speed=\"5\" data-type=\"background\">\r\n        <div class=\"de-video-container\">\r\n            <div class=\"de-video-content\">\r\n                <div class=\"text-center\">\r\n                \t\t\t\t\t\t\r\n\t\t\t\t\t\r\n\t\t\t\t\t\t\r\n\t\t\t\t\t\r\n\t\t\t\t\t\t\t\t\t\t\r\n\t\t\t\t\t\r\n\t\t\t\t\t \t\t\t\t\t                    \r\n                <\/div>\r\n            <\/div>\r\n\r\n            \r\n            <video autoplay=\"\" loop=\"\" muted=\"\" poster=\"\" playsinline>\r\n                 <source src=\"https:\/\/www.mundogrua.com.ar\/site\/wp-content\/uploads\/2020\/11\/LR1400-2020-amarillo-f.mp4\" type=\"video\/mp4\"> \t\t\t\t            <\/video>\r\n        <\/div>\r\n    <\/div>\r\n\r\n[\/vc_column][vc_column width=\u00bb3\/4&#8243;]<!-- Element: OT Services Grid -->\r\n<div class=\"services-masonry service-grid row\">\r\n\t<div class=\"col-md-6 item-service-grid-sizer\"><\/div>\r\n\t\r\n\t<div class=\"col-md-6 item\">\r\n\t\t\r\n\t\t\t\t\t\r\n\t\t\t<h3><a href=\"https:\/\/www.mundogrua.com.ar\/site\/service\/ypf-la-plata-maniobra-combinada\/\">Maniobra combinada<\/a><\/h3>\r\n\t\t\t<div class=\"service-excerpt\"><p>Gruas Lr 1400 y Ltm 1500 en maniobra combinada para verticalizado de intercambiador 153 ton en ypf la plata<\/p>\n<\/div>\r\n\t\t\t\t\t\t\t<div class=\"spacer-single-10\"><\/div>\r\n\t\t        <a href=\"https:\/\/www.mundogrua.com.ar\/site\/service\/ypf-la-plata-maniobra-combinada\/\"><img loading=\"lazy\" decoding=\"async\" width=\"800\" height=\"385\" src=\"https:\/\/www.mundogrua.com.ar\/site\/wp-content\/uploads\/2023\/09\/ypf-laplata.jpg\" class=\"img-responsive wp-post-image\" alt=\"\" srcset=\"https:\/\/www.mundogrua.com.ar\/site\/wp-content\/uploads\/2023\/09\/ypf-laplata.jpg 800w, https:\/\/www.mundogrua.com.ar\/site\/wp-content\/uploads\/2023\/09\/ypf-laplata-600x289.jpg 600w, https:\/\/www.mundogrua.com.ar\/site\/wp-content\/uploads\/2023\/09\/ypf-laplata-300x144.jpg 300w, https:\/\/www.mundogrua.com.ar\/site\/wp-content\/uploads\/2023\/09\/ypf-laplata-768x370.jpg 768w\" sizes=\"(max-width: 800px) 100vw, 800px\" title=\"ypf-laplata\" \/><\/a>\r\n\t\t\t\t\t\t\t\t\t\t<div class=\"spacer-single\"><\/div>\t\t\t\r\n\t\t\t\t<a href=\"https:\/\/www.mundogrua.com.ar\/site\/service\/ypf-la-plata-maniobra-combinada\/\" class=\"btn-line btn-fullwidth\">Ver m\u00e1s<\/a>\t\t\r\n\t\t\t\r\n\t\t\r\n\t<\/div>\r\n\r\n\t\r\n\t<div class=\"col-md-6 item\">\r\n\t\t\r\n\t\t\t\t\t\r\n\t\t\t<h3><a href=\"https:\/\/www.mundogrua.com.ar\/site\/service\/parque-eolico-achiras\/\">Parque e\u00f3lico Achiras<\/a><\/h3>\r\n\t\t\t<div class=\"service-excerpt\"><p>Tranporte de pala de molino e\u00f3lico, posterior montaje de la misma<br \/>\nParque Achiras, Pcia de Cordoba<\/p>\n<\/div>\r\n\t\t\t\t\t\t\t<div class=\"spacer-single-10\"><\/div>\r\n\t\t        <a href=\"https:\/\/www.mundogrua.com.ar\/site\/service\/parque-eolico-achiras\/\"><img loading=\"lazy\" decoding=\"async\" width=\"800\" height=\"385\" src=\"https:\/\/www.mundogrua.com.ar\/site\/wp-content\/uploads\/2023\/09\/achira.jpg\" class=\"img-responsive wp-post-image\" alt=\"\" srcset=\"https:\/\/www.mundogrua.com.ar\/site\/wp-content\/uploads\/2023\/09\/achira.jpg 800w, https:\/\/www.mundogrua.com.ar\/site\/wp-content\/uploads\/2023\/09\/achira-600x289.jpg 600w, https:\/\/www.mundogrua.com.ar\/site\/wp-content\/uploads\/2023\/09\/achira-300x144.jpg 300w, https:\/\/www.mundogrua.com.ar\/site\/wp-content\/uploads\/2023\/09\/achira-768x370.jpg 768w\" sizes=\"(max-width: 800px) 100vw, 800px\" title=\"achira\" \/><\/a>\r\n\t\t\t\t\t\t\t\t\t\t<div class=\"spacer-single\"><\/div>\t\t\t\r\n\t\t\t\t<a href=\"https:\/\/www.mundogrua.com.ar\/site\/service\/parque-eolico-achiras\/\" class=\"btn-line btn-fullwidth\">Ver m\u00e1s<\/a>\t\t\r\n\t\t\t\r\n\t\t\r\n\t<\/div>\r\n\r\n\t\r\n\t<div class=\"col-md-6 item\">\r\n\t\t\r\n\t\t\t\t\t\r\n\t\t\t<h3><a href=\"https:\/\/www.mundogrua.com.ar\/site\/service\/izaje-arboles\/\">Izaje de \u00e1rboles<\/a><\/h3>\r\n\t\t\t<div class=\"service-excerpt\"><p>Lo curioso de este edificio es su \u00abbosque de jacarandaes\u00bb ubicado desde el piso 26 hasta el 31. La idea al plantar el bosque en la vidriera fue comunicar las preocupaciones institucionales en relaci\u00f3n al cuidado ecol\u00f3gico. Con el jard\u00edn en altura, se rompe completamente&#8230;<\/p>\n<\/div>\r\n\t\t\t\t\t\t\t<div class=\"spacer-single-10\"><\/div>\r\n\t\t        <a href=\"https:\/\/www.mundogrua.com.ar\/site\/service\/izaje-arboles\/\"><img loading=\"lazy\" decoding=\"async\" width=\"800\" height=\"385\" src=\"https:\/\/www.mundogrua.com.ar\/site\/wp-content\/uploads\/2015\/08\/ypf-1.jpg\" class=\"img-responsive wp-post-image\" alt=\"\" srcset=\"https:\/\/www.mundogrua.com.ar\/site\/wp-content\/uploads\/2015\/08\/ypf-1.jpg 800w, https:\/\/www.mundogrua.com.ar\/site\/wp-content\/uploads\/2015\/08\/ypf-1-600x289.jpg 600w, https:\/\/www.mundogrua.com.ar\/site\/wp-content\/uploads\/2015\/08\/ypf-1-300x144.jpg 300w, https:\/\/www.mundogrua.com.ar\/site\/wp-content\/uploads\/2015\/08\/ypf-1-768x370.jpg 768w\" sizes=\"(max-width: 800px) 100vw, 800px\" title=\"ypf\" \/><\/a>\r\n\t\t\t\t\t\t\t\t\t\t<div class=\"spacer-single\"><\/div>\t\t\t\r\n\t\t\t\t<a href=\"https:\/\/www.mundogrua.com.ar\/site\/service\/izaje-arboles\/\" class=\"btn-line btn-fullwidth\">Ver m\u00e1s<\/a>\t\t\r\n\t\t\t\r\n\t\t\r\n\t<\/div>\r\n\r\n\t\r\n\t<div class=\"col-md-6 item\">\r\n\t\t\r\n\t\t\t\t\t\r\n\t\t\t<h3><a href=\"https:\/\/www.mundogrua.com.ar\/site\/service\/piedra-movediza-de-tandil\/\">Piedra movediza<\/a><\/h3>\r\n\t\t\t<div class=\"service-excerpt\"><p>A las 07.58 del domingo y luego de 95 a\u00f1os, el Cerro Movediza est\u00e1 otra vez coronado. El izamiento de la r\u00e9plica de la m\u00edtica Piedra demand\u00f3 40 minutos. La emoci\u00f3n embarg\u00f3 a funcionarios y vecinos que siguieron con atenci\u00f3n el trabajo de la inmensa gr\u00faa.<\/p>\n<\/div>\r\n\t\t\t\t\t\t\t<div class=\"spacer-single-10\"><\/div>\r\n\t\t        <a href=\"https:\/\/www.mundogrua.com.ar\/site\/service\/piedra-movediza-de-tandil\/\"><img loading=\"lazy\" decoding=\"async\" width=\"800\" height=\"385\" src=\"https:\/\/www.mundogrua.com.ar\/site\/wp-content\/uploads\/2015\/08\/tandil.jpg\" class=\"img-responsive wp-post-image\" alt=\"\" srcset=\"https:\/\/www.mundogrua.com.ar\/site\/wp-content\/uploads\/2015\/08\/tandil.jpg 800w, https:\/\/www.mundogrua.com.ar\/site\/wp-content\/uploads\/2015\/08\/tandil-600x289.jpg 600w, https:\/\/www.mundogrua.com.ar\/site\/wp-content\/uploads\/2015\/08\/tandil-300x144.jpg 300w, https:\/\/www.mundogrua.com.ar\/site\/wp-content\/uploads\/2015\/08\/tandil-768x370.jpg 768w\" sizes=\"(max-width: 800px) 100vw, 800px\" title=\"tandil\" \/><\/a>\r\n\t\t\t\t\t\t\t\t\t\t<div class=\"spacer-single\"><\/div>\t\t\t\r\n\t\t\t\t<a href=\"https:\/\/www.mundogrua.com.ar\/site\/service\/piedra-movediza-de-tandil\/\" class=\"btn-line btn-fullwidth\">Ver m\u00e1s<\/a>\t\t\r\n\t\t\t\r\n\t\t\r\n\t<\/div>\r\n\r\n\t\r\n\t<div class=\"col-md-6 item\">\r\n\t\t\r\n\t\t\t\t\t\r\n\t\t\t<h3><a href=\"https:\/\/www.mundogrua.com.ar\/site\/service\/commercial-design\/\">Techo Estadio Unico<\/a><\/h3>\r\n\t\t\t<div class=\"service-excerpt\"><p> Debido a la forma de ocho que posee en planta el estadio, se ha proyectado un arco de compresi\u00f3n met\u00e1lico en el eje menor, para tomar los esfuerzos desequilibrantes. Para transferir los esfuerzos de compresi\u00f3n de la cubierta hacia la fundaci\u00f3n &#8230;<\/p>\n<\/div>\r\n\t\t\t\t\t\t\t<div class=\"spacer-single-10\"><\/div>\r\n\t\t        <a href=\"https:\/\/www.mundogrua.com.ar\/site\/service\/commercial-design\/\"><img loading=\"lazy\" decoding=\"async\" width=\"800\" height=\"385\" src=\"https:\/\/www.mundogrua.com.ar\/site\/wp-content\/uploads\/2015\/08\/estadio.jpg\" class=\"img-responsive wp-post-image\" alt=\"\" srcset=\"https:\/\/www.mundogrua.com.ar\/site\/wp-content\/uploads\/2015\/08\/estadio.jpg 800w, https:\/\/www.mundogrua.com.ar\/site\/wp-content\/uploads\/2015\/08\/estadio-600x289.jpg 600w, https:\/\/www.mundogrua.com.ar\/site\/wp-content\/uploads\/2015\/08\/estadio-300x144.jpg 300w, https:\/\/www.mundogrua.com.ar\/site\/wp-content\/uploads\/2015\/08\/estadio-768x370.jpg 768w\" sizes=\"(max-width: 800px) 100vw, 800px\" title=\"estadio\" \/><\/a>\r\n\t\t\t\t\t\t\t\t\t\t<div class=\"spacer-single\"><\/div>\t\t\t\r\n\t\t\t\t<a href=\"https:\/\/www.mundogrua.com.ar\/site\/service\/commercial-design\/\" class=\"btn-line btn-fullwidth\">Ver m\u00e1s<\/a>\t\t\r\n\t\t\t\r\n\t\t\r\n\t<\/div>\r\n\r\n\t\t\r\n<\/div>\t\r\n\r\n[\/vc_column][\/vc_row][vc_row el_class=\u00bbcall-to-action bg-color dark text-center\u00bb css=\u00bb.vc_custom_1453975681358{padding-top: 60px !important;padding-bottom: 60px !important;}\u00bb][vc_column]\t\t\t\r\n\t<!-- Element: OT Button --> \r\n\t\t\t<a href=\"https:\/\/www.mundogrua.com.ar\/site\/contacto\/\" target=\"_self\" class=\"btn btn-line-black btn-big  \">Consultenos!<\/a>\r\n\t    \r\n[\/vc_column][\/vc_row]\n<\/div>","protected":false},"excerpt":{"rendered":"<p>[vc_row equal_height=\u00bbyes\u00bb css=\u00bb.vc_custom_1606865224662{padding-top: 90px !important;padding-bottom: 30px !important;}\u00bb][vc_column width=\u00bb1\/4&#8243;][\/vc_column][vc_column width=\u00bb3\/4&#8243;][\/vc_column][\/vc_row][vc_row el_class=\u00bbcall-to-action bg-color dark text-center\u00bb css=\u00bb.vc_custom_1453975681358{padding-top: 60px !important;padding-bottom: 60px !important;}\u00bb][vc_column][\/vc_column][\/vc_row]<\/p>\n","protected":false},"author":2,"featured_media":0,"parent":0,"menu_order":0,"comment_status":"closed","ping_status":"closed","template":"page-templates\/template-fullwidth.php","meta":{"_joinchat":[],"footnotes":""},"class_list":["post-915","page","type-page","status-publish","hentry"],"_links":{"self":[{"href":"https:\/\/www.mundogrua.com.ar\/site\/wp-json\/wp\/v2\/pages\/915"}],"collection":[{"href":"https:\/\/www.mundogrua.com.ar\/site\/wp-json\/wp\/v2\/pages"}],"about":[{"href":"https:\/\/www.mundogrua.com.ar\/site\/wp-json\/wp\/v2\/types\/page"}],"author":[{"embeddable":true,"href":"https:\/\/www.mundogrua.com.ar\/site\/wp-json\/wp\/v2\/users\/2"}],"replies":[{"embeddable":true,"href":"https:\/\/www.mundogrua.com.ar\/site\/wp-json\/wp\/v2\/comments?post=915"}],"version-history":[{"count":20,"href":"https:\/\/www.mundogrua.com.ar\/site\/wp-json\/wp\/v2\/pages\/915\/revisions"}],"predecessor-version":[{"id":2508,"href":"https:\/\/www.mundogrua.com.ar\/site\/wp-json\/wp\/v2\/pages\/915\/revisions\/2508"}],"wp:attachment":[{"href":"https:\/\/www.mundogrua.com.ar\/site\/wp-json\/wp\/v2\/media?parent=915"}],"curies":[{"name":"wp","href":"https:\/\/api.w.org\/{rel}","templated":true}]}}