{"id":2547,"date":"2023-10-09T18:05:29","date_gmt":"2023-10-09T21:05:29","guid":{"rendered":"https:\/\/www.mundogrua.com.ar\/site\/?post_type=product&#038;p=2547"},"modified":"2023-11-25T14:18:34","modified_gmt":"2023-11-25T17:18:34","slug":"grua-40tn","status":"publish","type":"product","link":"https:\/\/www.mundogrua.com.ar\/site\/producto\/grua-40tn\/","title":{"rendered":"Gr\u00faa Grove"},"content":{"rendered":"<p>Gr\u00faa Grove Telesc\u00f3pica, Hidr\u00e1ulica hasta 40ton. Excelente estado.<\/p>\n<p>Para m\u00e1s consultas sobre este y cualquier producto que necesite, comunicarse al tel\u00e9fono de contacto, o enviar consulta por el formulario v\u00eda Email.<\/p>\n","protected":false},"excerpt":{"rendered":"<p>Gr\u00faa Grove 40tn.<\/p>\n","protected":false},"featured_media":2549,"template":"","meta":{"_joinchat":{"telephone":"+541125645751","view":"yes"}},"product_cat":[67],"product_tag":[],"class_list":{"0":"post-2547","1":"product","2":"type-product","3":"status-publish","4":"has-post-thumbnail","6":"product_cat-gruas","8":"first","9":"instock","10":"shipping-taxable","11":"product-type-simple"},"_links":{"self":[{"href":"https:\/\/www.mundogrua.com.ar\/site\/wp-json\/wp\/v2\/product\/2547"}],"collection":[{"href":"https:\/\/www.mundogrua.com.ar\/site\/wp-json\/wp\/v2\/product"}],"about":[{"href":"https:\/\/www.mundogrua.com.ar\/site\/wp-json\/wp\/v2\/types\/product"}],"wp:featuredmedia":[{"embeddable":true,"href":"https:\/\/www.mundogrua.com.ar\/site\/wp-json\/wp\/v2\/media\/2549"}],"wp:attachment":[{"href":"https:\/\/www.mundogrua.com.ar\/site\/wp-json\/wp\/v2\/media?parent=2547"}],"wp:term":[{"taxonomy":"product_cat","embeddable":true,"href":"https:\/\/www.mundogrua.com.ar\/site\/wp-json\/wp\/v2\/product_cat?post=2547"},{"taxonomy":"product_tag","embeddable":true,"href":"https:\/\/www.mundogrua.com.ar\/site\/wp-json\/wp\/v2\/product_tag?post=2547"}],"curies":[{"name":"wp","href":"https:\/\/api.w.org\/{rel}","templated":true}]}}