{"id":2644,"date":"2023-11-01T19:03:13","date_gmt":"2023-11-01T22:03:13","guid":{"rendered":"https:\/\/www.mundogrua.com.ar\/site\/?post_type=product&#038;p=2644"},"modified":"2023-11-25T14:20:36","modified_gmt":"2023-11-25T17:20:36","slug":"helicoptero-hughes-500","status":"publish","type":"product","link":"https:\/\/www.mundogrua.com.ar\/site\/producto\/helicoptero-hughes-500\/","title":{"rendered":"Helicoptero Hughes 500"},"content":{"rendered":"<p>En estado en que se encuentra.<br \/>\nPara armar, con algunos faltantes.<\/p>\n<p>Para m\u00e1s consultas sobre este y cualquier producto que necesite, comunicarse al tel\u00e9fono de contacto, o enviar consulta por el formulario v\u00eda Email.<\/p>\n","protected":false},"excerpt":{"rendered":"<p>Hughes 500<\/p>\n","protected":false},"featured_media":2641,"template":"","meta":{"_joinchat":{"telephone":"+541125645751","view":"yes"}},"product_cat":[74],"product_tag":[],"class_list":{"0":"post-2644","1":"product","2":"type-product","3":"status-publish","4":"has-post-thumbnail","6":"product_cat-otros","8":"first","9":"instock","10":"shipping-taxable","11":"product-type-simple"},"_links":{"self":[{"href":"https:\/\/www.mundogrua.com.ar\/site\/wp-json\/wp\/v2\/product\/2644"}],"collection":[{"href":"https:\/\/www.mundogrua.com.ar\/site\/wp-json\/wp\/v2\/product"}],"about":[{"href":"https:\/\/www.mundogrua.com.ar\/site\/wp-json\/wp\/v2\/types\/product"}],"wp:featuredmedia":[{"embeddable":true,"href":"https:\/\/www.mundogrua.com.ar\/site\/wp-json\/wp\/v2\/media\/2641"}],"wp:attachment":[{"href":"https:\/\/www.mundogrua.com.ar\/site\/wp-json\/wp\/v2\/media?parent=2644"}],"wp:term":[{"taxonomy":"product_cat","embeddable":true,"href":"https:\/\/www.mundogrua.com.ar\/site\/wp-json\/wp\/v2\/product_cat?post=2644"},{"taxonomy":"product_tag","embeddable":true,"href":"https:\/\/www.mundogrua.com.ar\/site\/wp-json\/wp\/v2\/product_tag?post=2644"}],"curies":[{"name":"wp","href":"https:\/\/api.w.org\/{rel}","templated":true}]}}