{"id":2697,"date":"2023-12-15T15:43:12","date_gmt":"2023-12-15T18:43:12","guid":{"rendered":"https:\/\/www.mundogrua.com.ar\/site\/?post_type=product&#038;p=2697"},"modified":"2023-12-15T15:43:12","modified_gmt":"2023-12-15T18:43:12","slug":"pala-de-rastre","status":"publish","type":"product","link":"https:\/\/www.mundogrua.com.ar\/site\/producto\/pala-de-rastre\/","title":{"rendered":"Pala de rastre"},"content":{"rendered":"<p>Pala de rastre hidr\u00e1ulica<\/p>\n<p>Para m\u00e1s consultas sobre este y cualquier producto que necesite, comunicarse al tel\u00e9fono de contacto, o enviar consulta por el formulario v\u00eda Email.<\/p>\n","protected":false},"excerpt":{"rendered":"<p>Pala de rastre hidr\u00e1ulica Para m\u00e1s consultas sobre este y cualquier producto que necesite, comunicarse al tel\u00e9fono de contacto, o enviar consulta por el formulario v\u00eda Email.<\/p>\n","protected":false},"featured_media":2698,"template":"","meta":{"_joinchat":{"telephone":"+541125645751","view":"yes"}},"product_cat":[72],"product_tag":[],"class_list":{"0":"post-2697","1":"product","2":"type-product","3":"status-publish","4":"has-post-thumbnail","6":"product_cat-maquinarias-rurales","8":"first","9":"instock","10":"shipping-taxable","11":"product-type-simple"},"_links":{"self":[{"href":"https:\/\/www.mundogrua.com.ar\/site\/wp-json\/wp\/v2\/product\/2697"}],"collection":[{"href":"https:\/\/www.mundogrua.com.ar\/site\/wp-json\/wp\/v2\/product"}],"about":[{"href":"https:\/\/www.mundogrua.com.ar\/site\/wp-json\/wp\/v2\/types\/product"}],"wp:featuredmedia":[{"embeddable":true,"href":"https:\/\/www.mundogrua.com.ar\/site\/wp-json\/wp\/v2\/media\/2698"}],"wp:attachment":[{"href":"https:\/\/www.mundogrua.com.ar\/site\/wp-json\/wp\/v2\/media?parent=2697"}],"wp:term":[{"taxonomy":"product_cat","embeddable":true,"href":"https:\/\/www.mundogrua.com.ar\/site\/wp-json\/wp\/v2\/product_cat?post=2697"},{"taxonomy":"product_tag","embeddable":true,"href":"https:\/\/www.mundogrua.com.ar\/site\/wp-json\/wp\/v2\/product_tag?post=2697"}],"curies":[{"name":"wp","href":"https:\/\/api.w.org\/{rel}","templated":true}]}}