{"id":2700,"date":"2023-12-15T15:44:57","date_gmt":"2023-12-15T18:44:57","guid":{"rendered":"https:\/\/www.mundogrua.com.ar\/site\/?post_type=product&#038;p=2700"},"modified":"2023-12-15T15:45:12","modified_gmt":"2023-12-15T18:45:12","slug":"pala-retroexcavadora","status":"publish","type":"product","link":"https:\/\/www.mundogrua.com.ar\/site\/producto\/pala-retroexcavadora\/","title":{"rendered":"Pala retroexcavadora"},"content":{"rendered":"<p>Pala retroexcavadora sobre gr\u00faa.<br \/>\nMarca JUNLIAN.<br \/>\nCapacidad de balde 3\/4\u00b3<br \/>\nNueva.<\/p>\n<p>Para m\u00e1s consultas sobre este y cualquier producto que necesite, comunicarse al tel\u00e9fono de contacto, o enviar consulta por el formulario v\u00eda Email.<\/p>\n","protected":false},"excerpt":{"rendered":"<p>Pala retroexcavadora sobre gr\u00faa. Marca JUNLIAN. Capacidad de balde 3\/4\u00b3 Nueva. Para m\u00e1s consultas sobre este y cualquier producto que necesite, comunicarse al tel\u00e9fono de contacto, o enviar consulta por el formulario v\u00eda Email.<\/p>\n","protected":false},"featured_media":2702,"template":"","meta":{"_joinchat":{"telephone":"+541125645751","view":"yes"}},"product_cat":[70],"product_tag":[],"class_list":{"0":"post-2700","1":"product","2":"type-product","3":"status-publish","4":"has-post-thumbnail","6":"product_cat-maquinarias-industriales","8":"first","9":"instock","10":"shipping-taxable","11":"product-type-simple"},"_links":{"self":[{"href":"https:\/\/www.mundogrua.com.ar\/site\/wp-json\/wp\/v2\/product\/2700"}],"collection":[{"href":"https:\/\/www.mundogrua.com.ar\/site\/wp-json\/wp\/v2\/product"}],"about":[{"href":"https:\/\/www.mundogrua.com.ar\/site\/wp-json\/wp\/v2\/types\/product"}],"wp:featuredmedia":[{"embeddable":true,"href":"https:\/\/www.mundogrua.com.ar\/site\/wp-json\/wp\/v2\/media\/2702"}],"wp:attachment":[{"href":"https:\/\/www.mundogrua.com.ar\/site\/wp-json\/wp\/v2\/media?parent=2700"}],"wp:term":[{"taxonomy":"product_cat","embeddable":true,"href":"https:\/\/www.mundogrua.com.ar\/site\/wp-json\/wp\/v2\/product_cat?post=2700"},{"taxonomy":"product_tag","embeddable":true,"href":"https:\/\/www.mundogrua.com.ar\/site\/wp-json\/wp\/v2\/product_tag?post=2700"}],"curies":[{"name":"wp","href":"https:\/\/api.w.org\/{rel}","templated":true}]}}